{"id":1322,"date":"2023-06-06T15:00:08","date_gmt":"2023-06-06T13:00:08","guid":{"rendered":"https:\/\/www.dosti-kairos.eu\/psy\/?page_id=1322"},"modified":"2023-06-29T13:46:06","modified_gmt":"2023-06-29T11:46:06","slug":"supervision","status":"publish","type":"page","link":"https:\/\/www.dosti-kairos.eu\/psy\/de\/supervision\/","title":{"rendered":"Supervision"},"content":{"rendered":"<section class=\"wpb-content-wrapper\"><p>[vc_section full_height=&#8220;yes&#8220; parallax=&#8220;content-moving&#8220; parallax_image=&#8220;36&#8243; css=&#8220;.vc_custom_1490203085583{margin-right: 0px !important;margin-left: 0px !important;padding-top: 0px !important;padding-bottom: 0px !important;}&#8220;][vc_row content_placement=&#8220;top&#8220;][vc_column][vc_column_text]<a href=\"http:\/\/www.dosti-kairos.eu\/psy\/\">Startseite<\/a> &gt; Supervision[\/vc_column_text][\/vc_column][\/vc_row][vc_row content_placement=&#8220;middle&#8220;][vc_column css_animation=&#8220;fadeIn&#8220; width=&#8220;1\/3&#8243;][\/vc_column][vc_column width=&#8220;1\/3&#8243; offset=&#8220;vc_hidden-md vc_hidden-sm vc_hidden-xs&#8220; css=&#8220;.vc_custom_1490701845920{background-color: rgba(232,228,225,0.9) !important;*background-color: rgb(232,228,225) !important;}&#8220;][vc_column_text]<\/p>\n<h1 style=\"text-align: center;\">Supervision<\/h1>\n<p>[\/vc_column_text][\/vc_column][\/vc_row][vc_row equal_height=&#8220;yes&#8220; content_placement=&#8220;top&#8220;][vc_column css_animation=&#8220;fadeInLeft&#8220; width=&#8220;1\/2&#8243; css=&#8220;.vc_custom_1490203338660{background-color: rgba(232,228,225,0.9) !important;*background-color: rgb(232,228,225) !important;}&#8220;][vc_single_image image=&#8220;1503&#8243; img_size=&#8220;full&#8220;][\/vc_column][vc_column width=&#8220;1\/2&#8243; css=&#8220;.vc_custom_1687527139352{background-color: rgba(232,228,225,0.9) !important;*background-color: rgb(232,228,225) !important;}&#8220;][vc_column_text]In den Supervisionseinheiten schaffe ich einen Rahmen, in dem die Supervisanden ihre berufliche Praxis aus gr\u00f6\u00dferer Distanz betrachten, beschreiben und reflektieren k\u00f6nnen.<\/p>\n<p>Entwicklung von Fragestellungen, die sich auf bestimmte Aspekte des eigenen Denkens, F\u00fchlen und Handelns beziehen, basieren gr\u00f6\u00dftenteils auf dem Wechsel der Perspektive (inne-au\u00dfen\/pro-kontra). Nicht Defizite und Probleme stehen im Vordergrund, sondern die Fokussierung auf eigene Ressourcen (Team, Person, Organisation).<\/p>\n<p><strong>Die Ziele der Supervision sind:<\/strong><\/p>\n<ul>\n<li>Erweiterungen + Vertiefungen eigener M\u00f6glichkeiten, Grenzen, Einstellungen etc.<\/li>\n<li>Ver\u00e4nderung des eigenen Verhaltens<\/li>\n<li>Verbesserung des Wissen \u00fcber soziale + institutionelle Rahmenbedingungen f\u00fcr berufliches Handeln<\/li>\n<li>Erweiterung + Vertiefung sozialer Handlungskompetenz<\/li>\n<li>L\u00f6sungsorientiertes Vorgehen<\/li>\n<\/ul>\n<p>[\/vc_column_text][\/vc_column][\/vc_row][vc_row equal_height=&#8220;yes&#8220; content_placement=&#8220;top&#8220;][vc_column css_animation=&#8220;fadeInLeft&#8220; css=&#8220;.vc_custom_1490203338660{background-color: rgba(232,228,225,0.9) !important;*background-color: rgb(232,228,225) !important;}&#8220;][vc_column_text]<\/p>\n<ul>\n<li><strong>Ich biete an:<\/strong><\/li>\n<\/ul>\n<ul>\n<li><u>Einzelsupervision<\/u>: als dyadische Beziehung zwischen Supervisor und Supervisand zur Reflexion beruflicher Fragestellungen<\/li>\n<li><u>Gruppensupervision<\/u>: Personen aus gleichen oder verschiedenen Berufsgruppen mit unterschiedlichem institutionellem Hintergrund zur Reflexion beruflicher T\u00e4tigkeit.<\/li>\n<li><u>Fallsupervision (Einzel und Gruppe): <\/u>Einbringen und Besprechen konkreter F\u00e4lle aus der beruflichen Praxis.<\/li>\n<li><u>Teamsupervision:<\/u> Arbeits- und Kommunikationsprozesse und damit zusammenh\u00e4ngende Fragen stehen im Mittelpunkt. Mitglieder teilen denselben institutionellen Hintergrund miteinander, reflektieren mit dem Supervisor die gemeinsame Arbeitssituation.<\/li>\n<\/ul>\n<p>[\/vc_column_text][\/vc_column][\/vc_row][vc_row content_placement=&#8220;bottom&#8220;][vc_column width=&#8220;1\/2&#8243;][\/vc_column][vc_column width=&#8220;1\/2&#8243;][vc_column_text]<\/p>\n<p style=\"text-align: right;\"><!-- Widget Shortcode --><div id=\"polylang-2\" class=\"widget widget_polylang widget-shortcode area-sidebar1 \"><ul>\n\t<li class=\"lang-item lang-item-7 lang-item-en lang-item-first\"><a  lang=\"en-GB\" hreflang=\"en-GB\" href=\"https:\/\/www.dosti-kairos.eu\/psy\/en\/supervision-2\/\"><img loading=\"lazy\" decoding=\"async\" src=\"data:image\/png;base64,iVBORw0KGgoAAAANSUhEUgAAABAAAAALCAMAAABBPP0LAAAAt1BMVEWSmb66z+18msdig8La3u+tYX9IaLc7W7BagbmcUW+kqMr\/q6n+\/\/+hsNv\/lIr\/jIGMnNLJyOP9\/fyQttT\/wb3\/\/\/\/\/aWn+YWF5kNT0oqz0i4ueqtIZNJjhvt\/8gn\/\/WVr\/6+rN1+o9RKZwgcMPJpX\/VFT9UEn+RUX8Ozv2Ly+FGzdYZrfU1e\/8LS\/lQkG\/mbVUX60AE231hHtcdMb0mp3qYFTFwNu3w9prcqSURGNDaaIUMX5FNW5wYt7AAAAAjklEQVR4AR3HNUJEMQCGwf+L8RR36ajR+1+CEuvRdd8kK9MNAiRQNgJmVDAt1yM6kSzYVJUsPNssAk5N7ZFKjVNFAY4co6TAOI+kyQm+LFUEBEKKzuWUNB7rSH\/rSnvOulOGk+QlXTBqMIrfYX4tSe2nP3iRa\/KNK7uTmWJ5a9+erZ3d+18od4ytiZdvZyuKWy8o3UpTVAAAAABJRU5ErkJggg==\" alt=\"English\" width=\"16\" height=\"11\" style=\"width: 16px; height: 11px;\" \/><\/a><\/li>\n<\/ul>\n<\/div><!-- \/Widget Shortcode --><\/p>\n<p>[\/vc_column_text][\/vc_column][\/vc_row][\/vc_section]<\/p>\n<\/section>","protected":false},"excerpt":{"rendered":"<p>[vc_section full_height=&#8220;yes&#8220; parallax=&#8220;content-moving&#8220; parallax_image=&#8220;36&#8243; css=&#8220;.vc_custom_1490203085583{margin-right: 0px !important;margin-left: 0px !important;padding-top: 0px !important;padding-bottom: 0px !important;}&#8220;][vc_row content_placement=&#8220;top&#8220;][vc_column][vc_column_text]Startseite &gt; Supervision[\/vc_column_text][\/vc_column][\/vc_row][vc_row content_placement=&#8220;middle&#8220;][vc_column css_animation=&#8220;fadeIn&#8220; width=&#8220;1\/3&#8243;][\/vc_column][vc_column width=&#8220;1\/3&#8243; offset=&#8220;vc_hidden-md vc_hidden-sm vc_hidden-xs&#8220; css=&#8220;.vc_custom_1490701845920{background-color: rgba(232,228,225,0.9) !important;*background-color: rgb(232,228,225) !important;}&#8220;][vc_column_text] Supervision [\/vc_column_text][\/vc_column][\/vc_row][vc_row equal_height=&#8220;yes&#8220; content_placement=&#8220;top&#8220;][vc_column css_animation=&#8220;fadeInLeft&#8220; width=&#8220;1\/2&#8243; css=&#8220;.vc_custom_1490203338660{background-color: rgba(232,228,225,0.9) !important;*background-color: rgb(232,228,225) !important;}&#8220;][vc_single_image image=&#8220;1503&#8243; img_size=&#8220;full&#8220;][\/vc_column][vc_column width=&#8220;1\/2&#8243; css=&#8220;.vc_custom_1687527139352{background-color: rgba(232,228,225,0.9) !important;*background-color: rgb(232,228,225) !important;}&#8220;][vc_column_text]In den Supervisionseinheiten schaffe ich einen Rahmen, in dem&#8230;  <a class=\"excerpt-read-more\" href=\"https:\/\/www.dosti-kairos.eu\/psy\/de\/supervision\/\" title=\"Read Supervision\">Read more &raquo;<\/a><\/p>\n","protected":false},"author":1,"featured_media":0,"parent":0,"menu_order":0,"comment_status":"closed","ping_status":"closed","template":"page-custom.php","meta":{"footnotes":""},"class_list":["post-1322","page","type-page","status-publish","hentry"],"yoast_head":"<!-- This site is optimized with the Yoast SEO plugin v22.2 - https:\/\/yoast.com\/wordpress\/plugins\/seo\/ -->\n<title>Supervision - Dosti Kairos<\/title>\n<meta name=\"robots\" content=\"index, follow, max-snippet:-1, max-image-preview:large, max-video-preview:-1\" \/>\n<link rel=\"canonical\" href=\"https:\/\/www.dosti-kairos.eu\/psy\/de\/supervision\/\" \/>\n<meta property=\"og:locale\" content=\"de_DE\" \/>\n<meta property=\"og:type\" content=\"article\" \/>\n<meta property=\"og:title\" content=\"Supervision - Dosti Kairos\" \/>\n<meta property=\"og:description\" content=\"[vc_section full_height=&#8220;yes&#8220; parallax=&#8220;content-moving&#8220; parallax_image=&#8220;36&#8243; css=&#8220;.vc_custom_1490203085583{margin-right: 0px !important;margin-left: 0px !important;padding-top: 0px !important;padding-bottom: 0px !important;}&#8220;][vc_row content_placement=&#8220;top&#8220;][vc_column][vc_column_text]Startseite &gt; Supervision[\/vc_column_text][\/vc_column][\/vc_row][vc_row content_placement=&#8220;middle&#8220;][vc_column css_animation=&#8220;fadeIn&#8220; width=&#8220;1\/3&#8243;][\/vc_column][vc_column width=&#8220;1\/3&#8243; offset=&#8220;vc_hidden-md vc_hidden-sm vc_hidden-xs&#8220; css=&#8220;.vc_custom_1490701845920{background-color: rgba(232,228,225,0.9) !important;*background-color: rgb(232,228,225) !important;}&#8220;][vc_column_text] Supervision [\/vc_column_text][\/vc_column][\/vc_row][vc_row equal_height=&#8220;yes&#8220; content_placement=&#8220;top&#8220;][vc_column css_animation=&#8220;fadeInLeft&#8220; width=&#8220;1\/2&#8243; css=&#8220;.vc_custom_1490203338660{background-color: rgba(232,228,225,0.9) !important;*background-color: rgb(232,228,225) !important;}&#8220;][vc_single_image image=&#8220;1503&#8243; img_size=&#8220;full&#8220;][\/vc_column][vc_column width=&#8220;1\/2&#8243; css=&#8220;.vc_custom_1687527139352{background-color: rgba(232,228,225,0.9) !important;*background-color: rgb(232,228,225) !important;}&#8220;][vc_column_text]In den Supervisionseinheiten schaffe ich einen Rahmen, in dem... Read more &raquo;\" \/>\n<meta property=\"og:url\" content=\"https:\/\/www.dosti-kairos.eu\/psy\/de\/supervision\/\" \/>\n<meta property=\"og:site_name\" content=\"Dosti Kairos\" \/>\n<meta property=\"article:modified_time\" content=\"2023-06-29T11:46:06+00:00\" \/>\n<meta name=\"twitter:card\" content=\"summary_large_image\" \/>\n<meta name=\"twitter:label1\" content=\"Gesch\u00e4tzte Lesezeit\" \/>\n\t<meta name=\"twitter:data1\" content=\"2\u00a0Minuten\" \/>\n<script type=\"application\/ld+json\" class=\"yoast-schema-graph\">{\"@context\":\"https:\/\/schema.org\",\"@graph\":[{\"@type\":\"WebPage\",\"@id\":\"https:\/\/www.dosti-kairos.eu\/psy\/de\/supervision\/\",\"url\":\"https:\/\/www.dosti-kairos.eu\/psy\/de\/supervision\/\",\"name\":\"Supervision - Dosti Kairos\",\"isPartOf\":{\"@id\":\"https:\/\/www.dosti-kairos.eu\/psy\/#website\"},\"datePublished\":\"2023-06-06T13:00:08+00:00\",\"dateModified\":\"2023-06-29T11:46:06+00:00\",\"breadcrumb\":{\"@id\":\"https:\/\/www.dosti-kairos.eu\/psy\/de\/supervision\/#breadcrumb\"},\"inLanguage\":\"de\",\"potentialAction\":[{\"@type\":\"ReadAction\",\"target\":[\"https:\/\/www.dosti-kairos.eu\/psy\/de\/supervision\/\"]}]},{\"@type\":\"BreadcrumbList\",\"@id\":\"https:\/\/www.dosti-kairos.eu\/psy\/de\/supervision\/#breadcrumb\",\"itemListElement\":[{\"@type\":\"ListItem\",\"position\":1,\"name\":\"Startseite\",\"item\":\"https:\/\/www.dosti-kairos.eu\/psy\/de\/startseite\/\"},{\"@type\":\"ListItem\",\"position\":2,\"name\":\"Supervision\"}]},{\"@type\":\"WebSite\",\"@id\":\"https:\/\/www.dosti-kairos.eu\/psy\/#website\",\"url\":\"https:\/\/www.dosti-kairos.eu\/psy\/\",\"name\":\"Dosti Kairos\",\"description\":\"Packen Sie die Gelegenheit beim Schopf\",\"potentialAction\":[{\"@type\":\"SearchAction\",\"target\":{\"@type\":\"EntryPoint\",\"urlTemplate\":\"https:\/\/www.dosti-kairos.eu\/psy\/?s={search_term_string}\"},\"query-input\":\"required name=search_term_string\"}],\"inLanguage\":\"de\"}]}<\/script>\n<!-- \/ Yoast SEO plugin. -->","yoast_head_json":{"title":"Supervision - Dosti Kairos","robots":{"index":"index","follow":"follow","max-snippet":"max-snippet:-1","max-image-preview":"max-image-preview:large","max-video-preview":"max-video-preview:-1"},"canonical":"https:\/\/www.dosti-kairos.eu\/psy\/de\/supervision\/","og_locale":"de_DE","og_type":"article","og_title":"Supervision - Dosti Kairos","og_description":"[vc_section full_height=&#8220;yes&#8220; parallax=&#8220;content-moving&#8220; parallax_image=&#8220;36&#8243; css=&#8220;.vc_custom_1490203085583{margin-right: 0px !important;margin-left: 0px !important;padding-top: 0px !important;padding-bottom: 0px !important;}&#8220;][vc_row content_placement=&#8220;top&#8220;][vc_column][vc_column_text]Startseite &gt; Supervision[\/vc_column_text][\/vc_column][\/vc_row][vc_row content_placement=&#8220;middle&#8220;][vc_column css_animation=&#8220;fadeIn&#8220; width=&#8220;1\/3&#8243;][\/vc_column][vc_column width=&#8220;1\/3&#8243; offset=&#8220;vc_hidden-md vc_hidden-sm vc_hidden-xs&#8220; css=&#8220;.vc_custom_1490701845920{background-color: rgba(232,228,225,0.9) !important;*background-color: rgb(232,228,225) !important;}&#8220;][vc_column_text] Supervision [\/vc_column_text][\/vc_column][\/vc_row][vc_row equal_height=&#8220;yes&#8220; content_placement=&#8220;top&#8220;][vc_column css_animation=&#8220;fadeInLeft&#8220; width=&#8220;1\/2&#8243; css=&#8220;.vc_custom_1490203338660{background-color: rgba(232,228,225,0.9) !important;*background-color: rgb(232,228,225) !important;}&#8220;][vc_single_image image=&#8220;1503&#8243; img_size=&#8220;full&#8220;][\/vc_column][vc_column width=&#8220;1\/2&#8243; css=&#8220;.vc_custom_1687527139352{background-color: rgba(232,228,225,0.9) !important;*background-color: rgb(232,228,225) !important;}&#8220;][vc_column_text]In den Supervisionseinheiten schaffe ich einen Rahmen, in dem... Read more &raquo;","og_url":"https:\/\/www.dosti-kairos.eu\/psy\/de\/supervision\/","og_site_name":"Dosti Kairos","article_modified_time":"2023-06-29T11:46:06+00:00","twitter_card":"summary_large_image","twitter_misc":{"Gesch\u00e4tzte Lesezeit":"2\u00a0Minuten"},"schema":{"@context":"https:\/\/schema.org","@graph":[{"@type":"WebPage","@id":"https:\/\/www.dosti-kairos.eu\/psy\/de\/supervision\/","url":"https:\/\/www.dosti-kairos.eu\/psy\/de\/supervision\/","name":"Supervision - Dosti Kairos","isPartOf":{"@id":"https:\/\/www.dosti-kairos.eu\/psy\/#website"},"datePublished":"2023-06-06T13:00:08+00:00","dateModified":"2023-06-29T11:46:06+00:00","breadcrumb":{"@id":"https:\/\/www.dosti-kairos.eu\/psy\/de\/supervision\/#breadcrumb"},"inLanguage":"de","potentialAction":[{"@type":"ReadAction","target":["https:\/\/www.dosti-kairos.eu\/psy\/de\/supervision\/"]}]},{"@type":"BreadcrumbList","@id":"https:\/\/www.dosti-kairos.eu\/psy\/de\/supervision\/#breadcrumb","itemListElement":[{"@type":"ListItem","position":1,"name":"Startseite","item":"https:\/\/www.dosti-kairos.eu\/psy\/de\/startseite\/"},{"@type":"ListItem","position":2,"name":"Supervision"}]},{"@type":"WebSite","@id":"https:\/\/www.dosti-kairos.eu\/psy\/#website","url":"https:\/\/www.dosti-kairos.eu\/psy\/","name":"Dosti Kairos","description":"Packen Sie die Gelegenheit beim Schopf","potentialAction":[{"@type":"SearchAction","target":{"@type":"EntryPoint","urlTemplate":"https:\/\/www.dosti-kairos.eu\/psy\/?s={search_term_string}"},"query-input":"required name=search_term_string"}],"inLanguage":"de"}]}},"_links":{"self":[{"href":"https:\/\/www.dosti-kairos.eu\/psy\/wp-json\/wp\/v2\/pages\/1322","targetHints":{"allow":["GET"]}}],"collection":[{"href":"https:\/\/www.dosti-kairos.eu\/psy\/wp-json\/wp\/v2\/pages"}],"about":[{"href":"https:\/\/www.dosti-kairos.eu\/psy\/wp-json\/wp\/v2\/types\/page"}],"author":[{"embeddable":true,"href":"https:\/\/www.dosti-kairos.eu\/psy\/wp-json\/wp\/v2\/users\/1"}],"replies":[{"embeddable":true,"href":"https:\/\/www.dosti-kairos.eu\/psy\/wp-json\/wp\/v2\/comments?post=1322"}],"version-history":[{"count":5,"href":"https:\/\/www.dosti-kairos.eu\/psy\/wp-json\/wp\/v2\/pages\/1322\/revisions"}],"predecessor-version":[{"id":1594,"href":"https:\/\/www.dosti-kairos.eu\/psy\/wp-json\/wp\/v2\/pages\/1322\/revisions\/1594"}],"wp:attachment":[{"href":"https:\/\/www.dosti-kairos.eu\/psy\/wp-json\/wp\/v2\/media?parent=1322"}],"curies":[{"name":"wp","href":"https:\/\/api.w.org\/{rel}","templated":true}]}}